{"id":162,"date":"2025-03-11T02:18:46","date_gmt":"2025-03-11T02:18:46","guid":{"rendered":"https:\/\/goathenea.com\/?page_id=162"},"modified":"2025-03-11T02:19:46","modified_gmt":"2025-03-11T02:19:46","slug":"recursos","status":"publish","type":"page","link":"https:\/\/goathenea.com\/index.php\/recursos\/","title":{"rendered":"recursos"},"content":{"rendered":"\t\t<div data-elementor-type=\"wp-page\" data-elementor-id=\"162\" class=\"elementor elementor-162\" data-elementor-post-type=\"page\">\n\t\t\t\t<div class=\"elementor-element elementor-element-315e929 e-flex e-con-boxed e-con e-parent\" data-id=\"315e929\" data-element_type=\"container\" data-settings=\"{&quot;background_background&quot;:&quot;classic&quot;}\">\n\t\t\t\t\t<div class=\"e-con-inner\">\n\t\t<div class=\"elementor-element elementor-element-6e754838 e-con-full e-flex e-con e-child\" data-id=\"6e754838\" data-element_type=\"container\">\n\t\t\t\t<div class=\"elementor-element elementor-element-510597c1 elementor-widget__width-initial elementor-widget elementor-widget-heading\" data-id=\"510597c1\" data-element_type=\"widget\" data-widget_type=\"heading.default\">\n\t\t\t\t<div class=\"elementor-widget-container\">\n\t\t\t\t\t<h2 class=\"elementor-heading-title elementor-size-default\">Recursos<\/h2>\t\t\t\t<\/div>\n\t\t\t\t<\/div>\n\t\t<div class=\"elementor-element elementor-element-6967366e e-con-full e-flex e-con e-child\" data-id=\"6967366e\" data-element_type=\"container\">\n\t\t\t\t<div class=\"elementor-element elementor-element-31681ef4 elementor-widget elementor-widget-text-editor\" data-id=\"31681ef4\" data-element_type=\"widget\" data-widget_type=\"text-editor.default\">\n\t\t\t\t<div class=\"elementor-widget-container\">\n\t\t\t\t\t\t\t\t\t<p><a style=\"color: white;\" href=\"\/\">Inicio<\/a><\/p>\t\t\t\t\t\t\t\t<\/div>\n\t\t\t\t<\/div>\n\t\t\t\t<div class=\"elementor-element elementor-element-59090fd8 elementor-widget elementor-widget-text-editor\" data-id=\"59090fd8\" data-element_type=\"widget\" data-widget_type=\"text-editor.default\">\n\t\t\t\t<div class=\"elementor-widget-container\">\n\t\t\t\t\t\t\t\t\t<p>Recursos<\/p>\t\t\t\t\t\t\t\t<\/div>\n\t\t\t\t<\/div>\n\t\t\t\t<div class=\"elementor-element elementor-element-2052d4df elementor-view-default elementor-widget elementor-widget-icon\" data-id=\"2052d4df\" data-element_type=\"widget\" data-widget_type=\"icon.default\">\n\t\t\t\t<div class=\"elementor-widget-container\">\n\t\t\t\t\t\t\t<div class=\"elementor-icon-wrapper\">\n\t\t\t<div class=\"elementor-icon\">\n\t\t\t<svg aria-hidden=\"true\" class=\"e-font-icon-svg e-fas-chevron-right\" viewBox=\"0 0 320 512\" xmlns=\"http:\/\/www.w3.org\/2000\/svg\"><path d=\"M285.476 272.971L91.132 467.314c-9.373 9.373-24.569 9.373-33.941 0l-22.667-22.667c-9.357-9.357-9.375-24.522-.04-33.901L188.505 256 34.484 101.255c-9.335-9.379-9.317-24.544.04-33.901l22.667-22.667c9.373-9.373 24.569-9.373 33.941 0L285.475 239.03c9.373 9.372 9.373 24.568.001 33.941z\"><\/path><\/svg>\t\t\t<\/div>\n\t\t<\/div>\n\t\t\t\t\t\t<\/div>\n\t\t\t\t<\/div>\n\t\t\t\t<\/div>\n\t\t\t\t<\/div>\n\t\t\t\t\t<\/div>\n\t\t\t\t<\/div>\n\t\t<div class=\"elementor-element elementor-element-5717db14 e-flex e-con-boxed e-con e-parent\" data-id=\"5717db14\" data-element_type=\"container\">\n\t\t\t\t\t<div class=\"e-con-inner\">\n\t\t<div class=\"elementor-element elementor-element-3d9c49e e-con-full e-flex e-con e-child\" data-id=\"3d9c49e\" data-element_type=\"container\">\n\t\t\t\t<div class=\"elementor-element elementor-element-90bc990 elementor-widget elementor-widget-heading\" data-id=\"90bc990\" data-element_type=\"widget\" data-widget_type=\"heading.default\">\n\t\t\t\t<div class=\"elementor-widget-container\">\n\t\t\t\t\t<h2 class=\"elementor-heading-title elementor-size-default\">Athenea<\/h2>\t\t\t\t<\/div>\n\t\t\t\t<\/div>\n\t\t\t\t<div class=\"elementor-element elementor-element-3bdcea8b elementor-widget__width-initial elementor-widget elementor-widget-heading\" data-id=\"3bdcea8b\" data-element_type=\"widget\" data-widget_type=\"heading.default\">\n\t\t\t\t<div class=\"elementor-widget-container\">\n\t\t\t\t\t<h2 class=\"elementor-heading-title elementor-size-default\">Innovaci\u00f3n y Eficiencia en un Solo Lugar<\/h2>\t\t\t\t<\/div>\n\t\t\t\t<\/div>\n\t\t\t\t<div class=\"elementor-element elementor-element-27746717 elementor-widget__width-initial elementor-widget elementor-widget-text-editor\" data-id=\"27746717\" data-element_type=\"widget\" data-widget_type=\"text-editor.default\">\n\t\t\t\t<div class=\"elementor-widget-container\">\n\t\t\t\t\t\t\t\t\t<p class=\"p1\">Simplifica la gesti\u00f3n y mejora el aprendizaje con Athenea. Nuestra plataforma te ofrece:<\/p>\t\t\t\t\t\t\t\t<\/div>\n\t\t\t\t<\/div>\n\t\t<div class=\"elementor-element elementor-element-5e4960b9 e-con-full e-flex e-con e-child\" data-id=\"5e4960b9\" data-element_type=\"container\" data-settings=\"{&quot;background_background&quot;:&quot;classic&quot;}\">\n\t\t<div class=\"elementor-element elementor-element-4f0a4121 e-con-full e-flex e-con e-child\" data-id=\"4f0a4121\" data-element_type=\"container\">\n\t\t\t\t<div class=\"elementor-element elementor-element-6dd4a60d elementor-position-top elementor-widget elementor-widget-image-box\" data-id=\"6dd4a60d\" data-element_type=\"widget\" data-widget_type=\"image-box.default\">\n\t\t\t\t<div class=\"elementor-widget-container\">\n\t\t\t\t\t<div class=\"elementor-image-box-wrapper\"><figure class=\"elementor-image-box-img\"><img fetchpriority=\"high\" decoding=\"async\" width=\"326\" height=\"325\" src=\"https:\/\/goathenea.com\/wp-content\/uploads\/2025\/03\/ransomwareviruswarningalertlaptopcyber-securitydevice.png\" class=\"attachment-full size-full wp-image-146\" alt=\"\" srcset=\"https:\/\/goathenea.com\/wp-content\/uploads\/2025\/03\/ransomwareviruswarningalertlaptopcyber-securitydevice.png 326w, https:\/\/goathenea.com\/wp-content\/uploads\/2025\/03\/ransomwareviruswarningalertlaptopcyber-securitydevice-300x300.png 300w, https:\/\/goathenea.com\/wp-content\/uploads\/2025\/03\/ransomwareviruswarningalertlaptopcyber-securitydevice-150x150.png 150w\" sizes=\"(max-width: 326px) 100vw, 326px\" \/><\/figure><div class=\"elementor-image-box-content\"><h3 class=\"elementor-image-box-title\">Tecnolog\u00eda Inteligente<\/h3><p class=\"elementor-image-box-description\">Automatiza procesos y optimiza la experiencia educativa con herramientas avanzadas.<\/p><\/div><\/div>\t\t\t\t<\/div>\n\t\t\t\t<\/div>\n\t\t\t\t<\/div>\n\t\t<div class=\"elementor-element elementor-element-5e8e5648 e-con-full e-flex e-con e-child\" data-id=\"5e8e5648\" data-element_type=\"container\">\n\t\t\t\t<div class=\"elementor-element elementor-element-5bce4507 elementor-position-top elementor-widget elementor-widget-image-box\" data-id=\"5bce4507\" data-element_type=\"widget\" data-widget_type=\"image-box.default\">\n\t\t\t\t<div class=\"elementor-widget-container\">\n\t\t\t\t\t<div class=\"elementor-image-box-wrapper\"><figure class=\"elementor-image-box-img\"><img decoding=\"async\" width=\"326\" height=\"326\" src=\"https:\/\/goathenea.com\/wp-content\/uploads\/2025\/03\/securitytechnologyinformationdatasystemprivacyprotection.png\" class=\"attachment-full size-full wp-image-32\" alt=\"\" srcset=\"https:\/\/goathenea.com\/wp-content\/uploads\/2025\/03\/securitytechnologyinformationdatasystemprivacyprotection.png 326w, https:\/\/goathenea.com\/wp-content\/uploads\/2025\/03\/securitytechnologyinformationdatasystemprivacyprotection-300x300.png 300w, https:\/\/goathenea.com\/wp-content\/uploads\/2025\/03\/securitytechnologyinformationdatasystemprivacyprotection-150x150.png 150w\" sizes=\"(max-width: 326px) 100vw, 326px\" \/><\/figure><div class=\"elementor-image-box-content\"><h3 class=\"elementor-image-box-title\">Flexibilidad Total<\/h3><p class=\"elementor-image-box-description\">Adaptable a empresas, universidades y escuelas, con soluciones dise\u00f1adas para cada necesidad.<\/p><\/div><\/div>\t\t\t\t<\/div>\n\t\t\t\t<\/div>\n\t\t\t\t<\/div>\n\t\t\t\t<\/div>\n\t\t\t\t<\/div>\n\t\t<div class=\"elementor-element elementor-element-51759250 e-con-full e-flex e-con e-child\" data-id=\"51759250\" data-element_type=\"container\">\n\t\t<div class=\"elementor-element elementor-element-3dbe3bb4 e-con-full e-flex elementor-invisible e-con e-child\" data-id=\"3dbe3bb4\" data-element_type=\"container\" data-settings=\"{&quot;background_background&quot;:&quot;classic&quot;,&quot;animation&quot;:&quot;fadeInLeft&quot;}\">\n\t\t\t\t<\/div>\n\t\t<div class=\"elementor-element elementor-element-2120db1 e-con-full e-flex e-con e-child\" data-id=\"2120db1\" data-element_type=\"container\">\n\t\t<div class=\"elementor-element elementor-element-23802773 e-con-full e-flex e-con e-child\" data-id=\"23802773\" data-element_type=\"container\">\n\t\t\t\t<div class=\"elementor-element elementor-element-7cc0db62 elementor-invisible elementor-widget elementor-widget-image\" data-id=\"7cc0db62\" data-element_type=\"widget\" data-settings=\"{&quot;_animation&quot;:&quot;fadeInDown&quot;}\" data-widget_type=\"image.default\">\n\t\t\t\t<div class=\"elementor-widget-container\">\n\t\t\t\t\t\t\t\t\t\t\t\t\t\t\t<img decoding=\"async\" width=\"800\" height=\"887\" src=\"https:\/\/goathenea.com\/wp-content\/uploads\/2025\/03\/avion2x.png\" class=\"attachment-large size-large wp-image-21\" alt=\"\" srcset=\"https:\/\/goathenea.com\/wp-content\/uploads\/2025\/03\/avion2x.png 924w, https:\/\/goathenea.com\/wp-content\/uploads\/2025\/03\/avion2x-271x300.png 271w, https:\/\/goathenea.com\/wp-content\/uploads\/2025\/03\/avion2x-768x851.png 768w\" sizes=\"(max-width: 800px) 100vw, 800px\" \/>\t\t\t\t\t\t\t\t\t\t\t\t\t\t\t<\/div>\n\t\t\t\t<\/div>\n\t\t\t\t<\/div>\n\t\t<div class=\"elementor-element elementor-element-3bdb6d78 e-con-full e-flex elementor-invisible e-con e-child\" data-id=\"3bdb6d78\" data-element_type=\"container\" data-settings=\"{&quot;background_background&quot;:&quot;classic&quot;,&quot;animation&quot;:&quot;fadeInUp&quot;}\">\n\t\t\t\t<\/div>\n\t\t\t\t<\/div>\n\t\t\t\t<\/div>\n\t\t\t\t\t<\/div>\n\t\t\t\t<\/div>\n\t\t<div class=\"elementor-element elementor-element-2184377 e-flex e-con-boxed e-con e-parent\" data-id=\"2184377\" data-element_type=\"container\">\n\t\t\t\t\t<div class=\"e-con-inner\">\n\t\t<div class=\"elementor-element elementor-element-77a4c35b e-con-full e-flex e-con e-child\" data-id=\"77a4c35b\" data-element_type=\"container\">\n\t\t<div class=\"elementor-element elementor-element-1cb96f44 e-con-full e-flex e-con e-child\" data-id=\"1cb96f44\" data-element_type=\"container\">\n\t\t\t\t<div class=\"elementor-element elementor-element-793fd8a8 elementor-widget elementor-widget-heading\" data-id=\"793fd8a8\" data-element_type=\"widget\" data-widget_type=\"heading.default\">\n\t\t\t\t<div class=\"elementor-widget-container\">\n\t\t\t\t\t<h2 class=\"elementor-heading-title elementor-size-default\">Soluciones a la Medida para tu Instituci\u00f3n<\/h2>\t\t\t\t<\/div>\n\t\t\t\t<\/div>\n\t\t\t\t<div class=\"elementor-element elementor-element-15950804 elementor-widget__width-initial elementor-widget elementor-widget-heading\" data-id=\"15950804\" data-element_type=\"widget\" data-widget_type=\"heading.default\">\n\t\t\t\t<div class=\"elementor-widget-container\">\n\t\t\t\t\t<h2 class=\"elementor-heading-title elementor-size-default\">Explora los Recursos<\/h2>\t\t\t\t<\/div>\n\t\t\t\t<\/div>\n\t\t\t\t<div class=\"elementor-element elementor-element-ebeb2fa elementor-widget__width-initial elementor-widget elementor-widget-text-editor\" data-id=\"ebeb2fa\" data-element_type=\"widget\" data-widget_type=\"text-editor.default\">\n\t\t\t\t<div class=\"elementor-widget-container\">\n\t\t\t\t\t\t\t\t\t<p class=\"p1\">Descubre c\u00f3mo Athenea transforma la gesti\u00f3n y el aprendizaje en distintos sectores con nuestras soluciones especializadas:<\/p><p class=\"p1\">\u2705 <span class=\"s1\"><b>Athenea One<\/b><\/span>: La plataforma integral para empresas y gobiernos, optimizando capacitaci\u00f3n y gesti\u00f3n.<\/p><p class=\"p1\">\u2705 <span class=\"s1\"><b>Athenea Pro<\/b><\/span>: La soluci\u00f3n avanzada para universidades, facilitando el aprendizaje superior y la administraci\u00f3n acad\u00e9mica.<\/p><p class=\"p1\">\u2705 <span class=\"s1\"><b>Athenea K12<\/b><\/span>: Dise\u00f1ada para escuelas, ofreciendo herramientas din\u00e1micas para la educaci\u00f3n b\u00e1sica y media.<\/p>\t\t\t\t\t\t\t\t<\/div>\n\t\t\t\t<\/div>\n\t\t\t\t<\/div>\n\t\t<div class=\"elementor-element elementor-element-1c58f701 e-con-full e-flex e-con e-child\" data-id=\"1c58f701\" data-element_type=\"container\" data-settings=\"{&quot;background_background&quot;:&quot;classic&quot;}\">\n\t\t\t\t<\/div>\n\t\t\t\t<\/div>\n\t\t\t\t\t<\/div>\n\t\t\t\t<\/div>\n\t\t<div class=\"elementor-element elementor-element-13da6000 e-flex e-con-boxed e-con e-parent\" data-id=\"13da6000\" data-element_type=\"container\" data-settings=\"{&quot;background_background&quot;:&quot;classic&quot;}\">\n\t\t\t\t\t<div class=\"e-con-inner\">\n\t\t<div class=\"elementor-element elementor-element-2afc88ff e-con-full e-flex e-con e-child\" data-id=\"2afc88ff\" data-element_type=\"container\">\n\t\t<div class=\"elementor-element elementor-element-79c3259a e-con-full e-flex elementor-invisible e-con e-child\" data-id=\"79c3259a\" data-element_type=\"container\" data-settings=\"{&quot;background_background&quot;:&quot;classic&quot;,&quot;animation&quot;:&quot;fadeInRight&quot;}\">\n\t\t\t\t<div class=\"elementor-element elementor-element-515e256d elementor-position-top elementor-widget elementor-widget-image-box\" data-id=\"515e256d\" data-element_type=\"widget\" data-widget_type=\"image-box.default\">\n\t\t\t\t<div class=\"elementor-widget-container\">\n\t\t\t\t\t<div class=\"elementor-image-box-wrapper\"><figure class=\"elementor-image-box-img\"><img loading=\"lazy\" decoding=\"async\" width=\"101\" height=\"93\" src=\"https:\/\/goathenea.com\/wp-content\/uploads\/2025\/03\/Screenshot-2025-02-09-at-5.01.24\u202fp.m.png\" class=\"attachment-full size-full wp-image-24\" alt=\"\" \/><\/figure><div class=\"elementor-image-box-content\"><h3 class=\"elementor-image-box-title\">Empresas y Gobiernos<\/h3><\/div><\/div>\t\t\t\t<\/div>\n\t\t\t\t<\/div>\n\t\t\t\t<\/div>\n\t\t<div class=\"elementor-element elementor-element-691d0c3d e-con-full e-flex elementor-invisible e-con e-child\" data-id=\"691d0c3d\" data-element_type=\"container\" data-settings=\"{&quot;background_background&quot;:&quot;classic&quot;,&quot;animation&quot;:&quot;fadeInRight&quot;}\">\n\t\t\t\t<div class=\"elementor-element elementor-element-5203021b elementor-position-top elementor-widget elementor-widget-image-box\" data-id=\"5203021b\" data-element_type=\"widget\" data-widget_type=\"image-box.default\">\n\t\t\t\t<div class=\"elementor-widget-container\">\n\t\t\t\t\t<div class=\"elementor-image-box-wrapper\"><figure class=\"elementor-image-box-img\"><img loading=\"lazy\" decoding=\"async\" width=\"101\" height=\"80\" src=\"https:\/\/goathenea.com\/wp-content\/uploads\/2025\/03\/Screenshot-2025-02-09-at-5.01.32\u202fp.m.png\" class=\"attachment-full size-full wp-image-25\" alt=\"\" \/><\/figure><div class=\"elementor-image-box-content\"><h3 class=\"elementor-image-box-title\">Universidades<\/h3><\/div><\/div>\t\t\t\t<\/div>\n\t\t\t\t<\/div>\n\t\t\t\t<\/div>\n\t\t<div class=\"elementor-element elementor-element-6874e3f0 e-con-full e-flex elementor-invisible e-con e-child\" data-id=\"6874e3f0\" data-element_type=\"container\" data-settings=\"{&quot;background_background&quot;:&quot;classic&quot;,&quot;animation&quot;:&quot;fadeInRight&quot;}\">\n\t\t\t\t<div class=\"elementor-element elementor-element-7913a9d3 elementor-position-top elementor-widget elementor-widget-image-box\" data-id=\"7913a9d3\" data-element_type=\"widget\" data-widget_type=\"image-box.default\">\n\t\t\t\t<div class=\"elementor-widget-container\">\n\t\t\t\t\t<div class=\"elementor-image-box-wrapper\"><figure class=\"elementor-image-box-img\"><img loading=\"lazy\" decoding=\"async\" width=\"109\" height=\"88\" src=\"https:\/\/goathenea.com\/wp-content\/uploads\/2025\/03\/Screenshot-2025-02-09-at-5.01.42\u202fp.m.png\" class=\"attachment-full size-full wp-image-26\" alt=\"\" \/><\/figure><div class=\"elementor-image-box-content\"><h3 class=\"elementor-image-box-title\">Escuelas<\/h3><\/div><\/div>\t\t\t\t<\/div>\n\t\t\t\t<\/div>\n\t\t\t\t<\/div>\n\t\t\t\t<\/div>\n\t\t\t\t\t<\/div>\n\t\t\t\t<\/div>\n\t\t\t\t<\/div>\n\t\t","protected":false},"excerpt":{"rendered":"<p>Recursos Inicio Recursos Athenea Innovaci\u00f3n y Eficiencia en un Solo Lugar Simplifica la gesti\u00f3n y mejora el aprendizaje con Athenea. Nuestra plataforma te ofrece: Tecnolog\u00eda Inteligente Automatiza procesos y optimiza la experiencia educativa con herramientas avanzadas. Flexibilidad Total Adaptable a empresas, universidades y escuelas, con soluciones dise\u00f1adas para cada necesidad. Soluciones a la Medida para [&hellip;]<\/p>\n","protected":false},"author":1,"featured_media":0,"parent":0,"menu_order":0,"comment_status":"closed","ping_status":"closed","template":"","meta":{"footnotes":""},"class_list":["post-162","page","type-page","status-publish","hentry"],"_links":{"self":[{"href":"https:\/\/goathenea.com\/index.php\/wp-json\/wp\/v2\/pages\/162","targetHints":{"allow":["GET"]}}],"collection":[{"href":"https:\/\/goathenea.com\/index.php\/wp-json\/wp\/v2\/pages"}],"about":[{"href":"https:\/\/goathenea.com\/index.php\/wp-json\/wp\/v2\/types\/page"}],"author":[{"embeddable":true,"href":"https:\/\/goathenea.com\/index.php\/wp-json\/wp\/v2\/users\/1"}],"replies":[{"embeddable":true,"href":"https:\/\/goathenea.com\/index.php\/wp-json\/wp\/v2\/comments?post=162"}],"version-history":[{"count":4,"href":"https:\/\/goathenea.com\/index.php\/wp-json\/wp\/v2\/pages\/162\/revisions"}],"predecessor-version":[{"id":172,"href":"https:\/\/goathenea.com\/index.php\/wp-json\/wp\/v2\/pages\/162\/revisions\/172"}],"wp:attachment":[{"href":"https:\/\/goathenea.com\/index.php\/wp-json\/wp\/v2\/media?parent=162"}],"curies":[{"name":"wp","href":"https:\/\/api.w.org\/{rel}","templated":true}]}}